{"id":2733,"date":"2025-02-19T12:49:17","date_gmt":"2025-02-19T17:49:17","guid":{"rendered":"https:\/\/escallonmorales.com.co\/casos-de-exito\/"},"modified":"2025-03-12T08:38:04","modified_gmt":"2025-03-12T13:38:04","slug":"success-cases","status":"publish","type":"page","link":"https:\/\/escallonmorales.com.co\/en\/success-cases\/","title":{"rendered":"Success Cases"},"content":{"rendered":"\t\t<div data-elementor-type=\"wp-page\" data-elementor-id=\"2733\" class=\"elementor elementor-2733 elementor-2640\" data-elementor-post-type=\"page\">\n\t\t\t\t\t\t<section class=\"elementor-section elementor-top-section elementor-element elementor-element-206510e7 elementor-section-boxed elementor-section-height-default elementor-section-height-default\" data-id=\"206510e7\" data-element_type=\"section\" data-settings=\"{&quot;background_background&quot;:&quot;classic&quot;}\">\n\t\t\t\t\t\t\t<div class=\"elementor-background-overlay\"><\/div>\n\t\t\t\t\t\t\t<div class=\"elementor-container elementor-column-gap-default\">\n\t\t\t\t\t<div class=\"elementor-column elementor-col-100 elementor-top-column elementor-element elementor-element-7e1ed6b1\" data-id=\"7e1ed6b1\" data-element_type=\"column\">\n\t\t\t<div class=\"elementor-widget-wrap elementor-element-populated\">\n\t\t\t\t\t\t<div class=\"elementor-element elementor-element-ede384c elementor-invisible elementor-widget elementor-widget-heading\" data-id=\"ede384c\" data-element_type=\"widget\" data-settings=\"{&quot;_animation&quot;:&quot;fadeInUp&quot;}\" data-widget_type=\"heading.default\">\n\t\t\t\t<div class=\"elementor-widget-container\">\n\t\t\t\t\t<h2 class=\"elementor-heading-title elementor-size-default\">Casos de \u00c9xito<\/h2>\t\t\t\t<\/div>\n\t\t\t\t<\/div>\n\t\t\t\t<div class=\"elementor-element elementor-element-21447f28 elementor-widget__width-auto elementor-widget elementor-widget-jkit_button\" data-id=\"21447f28\" data-element_type=\"widget\" data-widget_type=\"jkit_button.default\">\n\t\t\t\t<div class=\"elementor-widget-container\">\n\t\t\t\t\t<div  class=\"jeg-elementor-kit jkit-button  icon-position-after jeg_module___69e8ba9ab1b8a\" ><a href=\"\" class=\"jkit-button-wrapper\">Inicio<svg viewBox=\"0 0 320 512\" xmlns=\"http:\/\/www.w3.org\/2000\/svg\"><path d=\"M285.476 272.971L91.132 467.314c-9.373 9.373-24.569 9.373-33.941 0l-22.667-22.667c-9.357-9.357-9.375-24.522-.04-33.901L188.505 256 34.484 101.255c-9.335-9.379-9.317-24.544.04-33.901l22.667-22.667c9.373-9.373 24.569-9.373 33.941 0L285.475 239.03c9.373 9.372 9.373 24.568.001 33.941z\"><\/path><\/svg><\/a><\/div>\t\t\t\t<\/div>\n\t\t\t\t<\/div>\n\t\t\t\t<div class=\"elementor-element elementor-element-6d6994af elementor-widget__width-auto elementor-widget elementor-widget-heading\" data-id=\"6d6994af\" data-element_type=\"widget\" data-widget_type=\"heading.default\">\n\t\t\t\t<div class=\"elementor-widget-container\">\n\t\t\t\t\t<h2 class=\"elementor-heading-title elementor-size-default\">Casos de \u00c9xito<\/h2>\t\t\t\t<\/div>\n\t\t\t\t<\/div>\n\t\t\t\t\t<\/div>\n\t\t<\/div>\n\t\t\t\t\t<\/div>\n\t\t<\/section>\n\t\t\t\t<section class=\"elementor-section elementor-top-section elementor-element elementor-element-1226060d elementor-section-boxed elementor-section-height-default elementor-section-height-default\" data-id=\"1226060d\" data-element_type=\"section\">\n\t\t\t\t\t\t<div class=\"elementor-container elementor-column-gap-default\">\n\t\t\t\t\t<div class=\"elementor-column elementor-col-100 elementor-top-column elementor-element elementor-element-4c662f37\" data-id=\"4c662f37\" data-element_type=\"column\">\n\t\t\t<div class=\"elementor-widget-wrap elementor-element-populated\">\n\t\t\t\t\t\t<section class=\"elementor-section elementor-inner-section elementor-element elementor-element-148ffad0 elementor-section-boxed elementor-section-height-default elementor-section-height-default\" data-id=\"148ffad0\" data-element_type=\"section\">\n\t\t\t\t\t\t<div class=\"elementor-container elementor-column-gap-default\">\n\t\t\t\t\t<div class=\"elementor-column elementor-col-33 elementor-inner-column elementor-element elementor-element-2ce37459\" data-id=\"2ce37459\" data-element_type=\"column\">\n\t\t\t<div class=\"elementor-widget-wrap elementor-element-populated\">\n\t\t\t\t\t\t<div class=\"elementor-element elementor-element-5a3aad99 jkit-equal-height-disable elementor-invisible elementor-widget elementor-widget-jkit_image_box\" data-id=\"5a3aad99\" data-element_type=\"widget\" data-settings=\"{&quot;_animation&quot;:&quot;fadeInRight&quot;}\" data-widget_type=\"jkit_image_box.default\">\n\t\t\t\t<div class=\"elementor-widget-container\">\n\t\t\t\t\t<div  class=\"jeg-elementor-kit jkit-image-box style-default elementor-animation- jeg_module__1_69e8ba9ab4064\" ><div class=\"image-box-header elementor-animation-\"><\/div><div class=\"image-box-body\">\n            <div class=\"body-inner\"><h2 class=\"body-title icon-position-before\"><\/h2>\n                <div class=\"body-description\"><p>Estructuraci\u00f3n de la propuesta t\u00e9cnica, acompa\u00f1amiento en el proceso licitatorio y, adjudicaci\u00f3n y celebraci\u00f3n del Contrato de Concesi\u00f3n 5G Vial Buga - Buenaventura.<\/p><\/div>\n                <div class=\"body-button\"><\/div>\n                \n            <\/div>\n        <\/div><\/div>\t\t\t\t<\/div>\n\t\t\t\t<\/div>\n\t\t\t\t\t<\/div>\n\t\t<\/div>\n\t\t\t\t<div class=\"elementor-column elementor-col-33 elementor-inner-column elementor-element elementor-element-46ccba86\" data-id=\"46ccba86\" data-element_type=\"column\">\n\t\t\t<div class=\"elementor-widget-wrap elementor-element-populated\">\n\t\t\t\t\t\t<div class=\"elementor-element elementor-element-12997b2 jkit-equal-height-disable elementor-widget elementor-widget-jkit_image_box\" data-id=\"12997b2\" data-element_type=\"widget\" data-widget_type=\"jkit_image_box.default\">\n\t\t\t\t<div class=\"elementor-widget-container\">\n\t\t\t\t\t<div  class=\"jeg-elementor-kit jkit-image-box style-default elementor-animation- jeg_module__2_69e8ba9ab47ac\" ><div class=\"image-box-header elementor-animation-\"><\/div><div class=\"image-box-body\">\n            <div class=\"body-inner\"><h2 class=\"body-title icon-position-before\"><\/h2>\n                <div class=\"body-description\"><p>Estructuraci\u00f3n de la propuesta t\u00e9cnica, acompa\u00f1amiento en el proceso licitatorio y, adjudicaci\u00f3n y celebraci\u00f3n del Contrato de APP\u00a0 5G del Canal del Dique.<\/p><\/div>\n                <div class=\"body-button\"><\/div>\n                \n            <\/div>\n        <\/div><\/div>\t\t\t\t<\/div>\n\t\t\t\t<\/div>\n\t\t\t\t\t<\/div>\n\t\t<\/div>\n\t\t\t\t<div class=\"elementor-column elementor-col-33 elementor-inner-column elementor-element elementor-element-3fc12438 elementor-invisible\" data-id=\"3fc12438\" data-element_type=\"column\" data-settings=\"{&quot;animation&quot;:&quot;fadeInLeft&quot;}\">\n\t\t\t<div class=\"elementor-widget-wrap elementor-element-populated\">\n\t\t\t\t\t\t<div class=\"elementor-element elementor-element-7ca4a2e jkit-equal-height-disable elementor-widget elementor-widget-jkit_image_box\" data-id=\"7ca4a2e\" data-element_type=\"widget\" data-widget_type=\"jkit_image_box.default\">\n\t\t\t\t<div class=\"elementor-widget-container\">\n\t\t\t\t\t<div  class=\"jeg-elementor-kit jkit-image-box style-default elementor-animation- jeg_module__3_69e8ba9ab4e0f\" ><div class=\"image-box-header elementor-animation-\"><\/div><div class=\"image-box-body\">\n            <div class=\"body-inner\"><h2 class=\"body-title icon-position-before\"><\/h2>\n                <div class=\"body-description\"><p>Negociaci\u00f3n y suscripci\u00f3n del Otros\u00ed 7 del Contrato de APP 4G Pasto \u2013 Rumichaca, el cual permiti\u00f3 la refinanciaci\u00f3n del proyecto.<\/p><\/div>\n                <div class=\"body-button\"><\/div>\n                \n            <\/div>\n        <\/div><\/div>\t\t\t\t<\/div>\n\t\t\t\t<\/div>\n\t\t\t\t\t<\/div>\n\t\t<\/div>\n\t\t\t\t\t<\/div>\n\t\t<\/section>\n\t\t\t\t<section class=\"elementor-section elementor-inner-section elementor-element elementor-element-3d691b1 elementor-section-boxed elementor-section-height-default elementor-section-height-default\" data-id=\"3d691b1\" data-element_type=\"section\">\n\t\t\t\t\t\t<div class=\"elementor-container elementor-column-gap-default\">\n\t\t\t\t\t<div class=\"elementor-column elementor-col-33 elementor-inner-column elementor-element elementor-element-eaeb263 elementor-invisible\" data-id=\"eaeb263\" data-element_type=\"column\" data-settings=\"{&quot;animation&quot;:&quot;fadeInRight&quot;}\">\n\t\t\t<div class=\"elementor-widget-wrap elementor-element-populated\">\n\t\t\t\t\t\t<div class=\"elementor-element elementor-element-fdaf9e5 jkit-equal-height-disable elementor-widget elementor-widget-jkit_image_box\" data-id=\"fdaf9e5\" data-element_type=\"widget\" data-widget_type=\"jkit_image_box.default\">\n\t\t\t\t<div class=\"elementor-widget-container\">\n\t\t\t\t\t<div  class=\"jeg-elementor-kit jkit-image-box style-default elementor-animation- jeg_module__4_69e8ba9ab5a36\" ><div class=\"image-box-header elementor-animation-\"><\/div><div class=\"image-box-body\">\n            <div class=\"body-inner\"><h2 class=\"body-title icon-position-before\"><\/h2>\n                <div class=\"body-description\"><p>Estructuraci\u00f3n Concesi\u00f3n 4G - Grupo 2 \u2013 del Proyecto Vial Mulalo \u2013 Lobogerrero.<\/p><\/div>\n                <div class=\"body-button\"><\/div>\n                \n            <\/div>\n        <\/div><\/div>\t\t\t\t<\/div>\n\t\t\t\t<\/div>\n\t\t\t\t\t<\/div>\n\t\t<\/div>\n\t\t\t\t<div class=\"elementor-column elementor-col-33 elementor-inner-column elementor-element elementor-element-4f751eb\" data-id=\"4f751eb\" data-element_type=\"column\">\n\t\t\t<div class=\"elementor-widget-wrap elementor-element-populated\">\n\t\t\t\t\t\t<div class=\"elementor-element elementor-element-2385f92 jkit-equal-height-disable elementor-widget elementor-widget-jkit_image_box\" data-id=\"2385f92\" data-element_type=\"widget\" data-widget_type=\"jkit_image_box.default\">\n\t\t\t\t<div class=\"elementor-widget-container\">\n\t\t\t\t\t<div  class=\"jeg-elementor-kit jkit-image-box style-default elementor-animation- jeg_module__5_69e8ba9ab608e\" ><div class=\"image-box-header elementor-animation-\"><\/div><div class=\"image-box-body\">\n            <div class=\"body-inner\"><h2 class=\"body-title icon-position-before\"><\/h2>\n                <div class=\"body-description\"><p>Estructuraci\u00f3n Concesi\u00f3n 4G - Grupo 2 \u2013 del Proyecto Vial Pasto-Rumichaca.<\/p><\/div>\n                <div class=\"body-button\"><\/div>\n                \n            <\/div>\n        <\/div><\/div>\t\t\t\t<\/div>\n\t\t\t\t<\/div>\n\t\t\t\t\t<\/div>\n\t\t<\/div>\n\t\t\t\t<div class=\"elementor-column elementor-col-33 elementor-inner-column elementor-element elementor-element-ba7e1ba elementor-invisible\" data-id=\"ba7e1ba\" data-element_type=\"column\" data-settings=\"{&quot;animation&quot;:&quot;fadeInLeft&quot;}\">\n\t\t\t<div class=\"elementor-widget-wrap elementor-element-populated\">\n\t\t\t\t\t\t<div class=\"elementor-element elementor-element-eb8f50e jkit-equal-height-disable elementor-widget elementor-widget-jkit_image_box\" data-id=\"eb8f50e\" data-element_type=\"widget\" data-widget_type=\"jkit_image_box.default\">\n\t\t\t\t<div class=\"elementor-widget-container\">\n\t\t\t\t\t<div  class=\"jeg-elementor-kit jkit-image-box style-default elementor-animation- jeg_module__6_69e8ba9ab66ad\" ><div class=\"image-box-header elementor-animation-\"><\/div><div class=\"image-box-body\">\n            <div class=\"body-inner\"><h2 class=\"body-title icon-position-before\"><\/h2>\n                <div class=\"body-description\"><p>Estructuraci\u00f3n Concesi\u00f3n 4G - Grupo 2 \u2013 del Proyecto Vial Santander de Quilichao-Popay\u00e1n<\/p><\/div>\n                <div class=\"body-button\"><\/div>\n                \n            <\/div>\n        <\/div><\/div>\t\t\t\t<\/div>\n\t\t\t\t<\/div>\n\t\t\t\t\t<\/div>\n\t\t<\/div>\n\t\t\t\t\t<\/div>\n\t\t<\/section>\n\t\t\t\t<section class=\"elementor-section elementor-inner-section elementor-element elementor-element-4da0039 elementor-section-boxed elementor-section-height-default elementor-section-height-default\" data-id=\"4da0039\" data-element_type=\"section\">\n\t\t\t\t\t\t<div class=\"elementor-container elementor-column-gap-default\">\n\t\t\t\t\t<div class=\"elementor-column elementor-col-33 elementor-inner-column elementor-element elementor-element-6cca54b elementor-invisible\" data-id=\"6cca54b\" data-element_type=\"column\" data-settings=\"{&quot;animation&quot;:&quot;fadeInRight&quot;}\">\n\t\t\t<div class=\"elementor-widget-wrap elementor-element-populated\">\n\t\t\t\t\t\t<div class=\"elementor-element elementor-element-783ddf6 jkit-equal-height-disable elementor-widget elementor-widget-jkit_image_box\" data-id=\"783ddf6\" data-element_type=\"widget\" data-widget_type=\"jkit_image_box.default\">\n\t\t\t\t<div class=\"elementor-widget-container\">\n\t\t\t\t\t<div  class=\"jeg-elementor-kit jkit-image-box style-default elementor-animation- jeg_module__7_69e8ba9ab725f\" ><div class=\"image-box-header elementor-animation-\"><\/div><div class=\"image-box-body\">\n            <div class=\"body-inner\"><h2 class=\"body-title icon-position-before\"><\/h2>\n                <div class=\"body-description\"><p>Estructuraci\u00f3n del Fondo de Inversi\u00f3n en Tecnolog\u00eda de Rock Start en Latinoamerica para el a\u00f1o 2021, por valor de USD 5.000.000<\/p><\/div>\n                <div class=\"body-button\"><\/div>\n                \n            <\/div>\n        <\/div><\/div>\t\t\t\t<\/div>\n\t\t\t\t<\/div>\n\t\t\t\t\t<\/div>\n\t\t<\/div>\n\t\t\t\t<div class=\"elementor-column elementor-col-33 elementor-inner-column elementor-element elementor-element-ed58fc2\" data-id=\"ed58fc2\" data-element_type=\"column\">\n\t\t\t<div class=\"elementor-widget-wrap elementor-element-populated\">\n\t\t\t\t\t\t<div class=\"elementor-element elementor-element-c9a3bf0 jkit-equal-height-disable elementor-widget elementor-widget-jkit_image_box\" data-id=\"c9a3bf0\" data-element_type=\"widget\" data-widget_type=\"jkit_image_box.default\">\n\t\t\t\t<div class=\"elementor-widget-container\">\n\t\t\t\t\t<div  class=\"jeg-elementor-kit jkit-image-box style-default elementor-animation- jeg_module__8_69e8ba9ab788e\" ><div class=\"image-box-header elementor-animation-\"><\/div><div class=\"image-box-body\">\n            <div class=\"body-inner\"><h2 class=\"body-title icon-position-before\"><\/h2>\n                <div class=\"body-description\"><p>Due Diligence y Adquisici\u00f3n del 100% de las acciones de la filial de una Compa\u00f1\u00eda Brit\u00e1nica de Miner\u00eda Brit\u00e1nica en Colombia y con ello la adquisici\u00f3n de la totalidad de sus activos por valor de USD 10.000.000.<\/p><\/div>\n                <div class=\"body-button\"><\/div>\n                \n            <\/div>\n        <\/div><\/div>\t\t\t\t<\/div>\n\t\t\t\t<\/div>\n\t\t\t\t\t<\/div>\n\t\t<\/div>\n\t\t\t\t<div class=\"elementor-column elementor-col-33 elementor-inner-column elementor-element elementor-element-a99a96a elementor-invisible\" data-id=\"a99a96a\" data-element_type=\"column\" data-settings=\"{&quot;animation&quot;:&quot;fadeInLeft&quot;}\">\n\t\t\t<div class=\"elementor-widget-wrap elementor-element-populated\">\n\t\t\t\t\t\t<div class=\"elementor-element elementor-element-9b958ef jkit-equal-height-disable elementor-widget elementor-widget-jkit_image_box\" data-id=\"9b958ef\" data-element_type=\"widget\" data-widget_type=\"jkit_image_box.default\">\n\t\t\t\t<div class=\"elementor-widget-container\">\n\t\t\t\t\t<div  class=\"jeg-elementor-kit jkit-image-box style-default elementor-animation- jeg_module__9_69e8ba9ab7ec5\" ><div class=\"image-box-header elementor-animation-\"><\/div><div class=\"image-box-body\">\n            <div class=\"body-inner\"><h2 class=\"body-title icon-position-before\"><\/h2>\n                <div class=\"body-description\"><p>Negociaci\u00f3n y celebraci\u00f3n de los contratos relacionados con un puerto en la ciudad de Barranquilla, incluyendo: Contrato de Cr\u00e9dito por valor de USD 6.000.000, Contrato de Construcci\u00f3n Portuaria por valor de USD 6.000.000, Contrato de Operaci\u00f3n Portuaria por valor de USD 9.000.000, y Contrato de Almacenamiento de Hidrocarburos por valor de USD 3.000.000.<\/p><\/div>\n                <div class=\"body-button\"><\/div>\n                \n            <\/div>\n        <\/div><\/div>\t\t\t\t<\/div>\n\t\t\t\t<\/div>\n\t\t\t\t\t<\/div>\n\t\t<\/div>\n\t\t\t\t\t<\/div>\n\t\t<\/section>\n\t\t\t\t\t<\/div>\n\t\t<\/div>\n\t\t\t\t\t<\/div>\n\t\t<\/section>\n\t\t\t\t<\/div>\n\t\t","protected":false},"excerpt":{"rendered":"<p>Casos de \u00c9xito Inicio Casos de \u00c9xito Estructuraci\u00f3n de la propuesta t\u00e9cnica, acompa\u00f1amiento en el proceso licitatorio y, adjudicaci\u00f3n y celebraci\u00f3n del Contrato de Concesi\u00f3n 5G Vial Buga &#8211; Buenaventura. Estructuraci\u00f3n de la propuesta t\u00e9cnica, acompa\u00f1amiento en el proceso licitatorio y, adjudicaci\u00f3n y celebraci\u00f3n del Contrato de APP\u00a0 5G del Canal del Dique. Negociaci\u00f3n y [&hellip;]<\/p>\n","protected":false},"author":1,"featured_media":0,"parent":0,"menu_order":0,"comment_status":"closed","ping_status":"closed","template":"elementor_header_footer","meta":{"footnotes":""},"class_list":["post-2733","page","type-page","status-publish","hentry"],"_links":{"self":[{"href":"https:\/\/escallonmorales.com.co\/en\/wp-json\/wp\/v2\/pages\/2733","targetHints":{"allow":["GET"]}}],"collection":[{"href":"https:\/\/escallonmorales.com.co\/en\/wp-json\/wp\/v2\/pages"}],"about":[{"href":"https:\/\/escallonmorales.com.co\/en\/wp-json\/wp\/v2\/types\/page"}],"author":[{"embeddable":true,"href":"https:\/\/escallonmorales.com.co\/en\/wp-json\/wp\/v2\/users\/1"}],"replies":[{"embeddable":true,"href":"https:\/\/escallonmorales.com.co\/en\/wp-json\/wp\/v2\/comments?post=2733"}],"version-history":[{"count":2,"href":"https:\/\/escallonmorales.com.co\/en\/wp-json\/wp\/v2\/pages\/2733\/revisions"}],"predecessor-version":[{"id":3073,"href":"https:\/\/escallonmorales.com.co\/en\/wp-json\/wp\/v2\/pages\/2733\/revisions\/3073"}],"wp:attachment":[{"href":"https:\/\/escallonmorales.com.co\/en\/wp-json\/wp\/v2\/media?parent=2733"}],"curies":[{"name":"wp","href":"https:\/\/api.w.org\/{rel}","templated":true}]}}