{"id":2771,"date":"2025-01-09T11:28:30","date_gmt":"2025-01-09T16:28:30","guid":{"rendered":"https:\/\/escallonmorales.com.co\/politica-de-privacidad\/"},"modified":"2025-03-12T10:29:26","modified_gmt":"2025-03-12T15:29:26","slug":"privacy-policies","status":"publish","type":"page","link":"https:\/\/escallonmorales.com.co\/en\/privacy-policies\/","title":{"rendered":"Privacy Policies"},"content":{"rendered":"\t\t<div data-elementor-type=\"wp-page\" data-elementor-id=\"2771\" class=\"elementor elementor-2771 elementor-2597\" data-elementor-post-type=\"page\">\n\t\t\t\t\t\t<section class=\"elementor-section elementor-top-section elementor-element elementor-element-206510e7 elementor-section-boxed elementor-section-height-default elementor-section-height-default\" data-id=\"206510e7\" data-element_type=\"section\" data-settings=\"{&quot;background_background&quot;:&quot;classic&quot;}\">\n\t\t\t\t\t\t\t<div class=\"elementor-background-overlay\"><\/div>\n\t\t\t\t\t\t\t<div class=\"elementor-container elementor-column-gap-default\">\n\t\t\t\t\t<div class=\"elementor-column elementor-col-100 elementor-top-column elementor-element elementor-element-7e1ed6b1\" data-id=\"7e1ed6b1\" data-element_type=\"column\">\n\t\t\t<div class=\"elementor-widget-wrap elementor-element-populated\">\n\t\t\t\t\t\t<div class=\"elementor-element elementor-element-ede384c elementor-invisible elementor-widget elementor-widget-heading\" data-id=\"ede384c\" data-element_type=\"widget\" data-settings=\"{&quot;_animation&quot;:&quot;fadeInUp&quot;}\" data-widget_type=\"heading.default\">\n\t\t\t\t<div class=\"elementor-widget-container\">\n\t\t\t\t\t<h2 class=\"elementor-heading-title elementor-size-default\">Pol\u00edtica de Privacidad <\/h2>\t\t\t\t<\/div>\n\t\t\t\t<\/div>\n\t\t\t\t<div class=\"elementor-element elementor-element-21447f28 elementor-widget__width-auto elementor-widget elementor-widget-jkit_button\" data-id=\"21447f28\" data-element_type=\"widget\" data-widget_type=\"jkit_button.default\">\n\t\t\t\t<div class=\"elementor-widget-container\">\n\t\t\t\t\t<div  class=\"jeg-elementor-kit jkit-button  icon-position-after jeg_module___69d25490b5b44\" ><a href=\"\" class=\"jkit-button-wrapper\">Inicio<svg viewBox=\"0 0 320 512\" xmlns=\"http:\/\/www.w3.org\/2000\/svg\"><path d=\"M285.476 272.971L91.132 467.314c-9.373 9.373-24.569 9.373-33.941 0l-22.667-22.667c-9.357-9.357-9.375-24.522-.04-33.901L188.505 256 34.484 101.255c-9.335-9.379-9.317-24.544.04-33.901l22.667-22.667c9.373-9.373 24.569-9.373 33.941 0L285.475 239.03c9.373 9.372 9.373 24.568.001 33.941z\"><\/path><\/svg><\/a><\/div>\t\t\t\t<\/div>\n\t\t\t\t<\/div>\n\t\t\t\t<div class=\"elementor-element elementor-element-6d6994af elementor-widget__width-auto elementor-widget elementor-widget-heading\" data-id=\"6d6994af\" data-element_type=\"widget\" data-widget_type=\"heading.default\">\n\t\t\t\t<div class=\"elementor-widget-container\">\n\t\t\t\t\t<h2 class=\"elementor-heading-title elementor-size-default\">Pol\u00edtica de Privacidad y Tratamiento de Datos<\/h2>\t\t\t\t<\/div>\n\t\t\t\t<\/div>\n\t\t\t\t\t<\/div>\n\t\t<\/div>\n\t\t\t\t\t<\/div>\n\t\t<\/section>\n\t\t<div class=\"elementor-element elementor-element-73871e22 e-flex e-con-boxed e-con e-parent\" data-id=\"73871e22\" data-element_type=\"container\" data-settings=\"{&quot;background_background&quot;:&quot;classic&quot;}\">\n\t\t\t\t\t<div class=\"e-con-inner\">\n\t\t<div class=\"elementor-element elementor-element-3b74378d e-con-full e-flex e-con e-child\" data-id=\"3b74378d\" data-element_type=\"container\">\n\t\t\t\t<div class=\"elementor-element elementor-element-109dc36f elementor-widget__width-initial elementor-widget elementor-widget-text-editor\" data-id=\"109dc36f\" data-element_type=\"widget\" data-widget_type=\"text-editor.default\">\n\t\t\t\t<div class=\"elementor-widget-container\">\n\t\t\t\t\t\t\t\t\t<p data-start=\"67\" data-end=\"320\"><strong data-start=\"67\" data-end=\"104\">EM&amp;A ESCALL\u00d3N MORALES Y ASOCIADOS<\/strong> takes your privacy seriously. This privacy policy describes the personal information we collect and how we use it. Please review this privacy policy document for more information about privacy policies in general.<\/p><h3 data-start=\"322\" data-end=\"358\">Routine Information Collection<\/h3><p data-start=\"360\" data-end=\"702\">All web servers track basic information about their visitors. This information includes, but is not limited to, IP addresses, browser details, time settings, and referring pages. None of this information can personally identify specific visitors to this site. The information is recorded for routine administration and maintenance purposes.<\/p><h3 data-start=\"704\" data-end=\"733\">Cookies and Web Beacons<\/h3><p data-start=\"735\" data-end=\"916\">When necessary, <strong data-start=\"751\" data-end=\"775\">FROZEN FOOD COLOMBIA<\/strong> uses cookies to store information about visitors&#8217; preferences and history in order to better serve them and\/or present customized content.<\/p><p data-start=\"918\" data-end=\"1214\">Advertising partners and third parties may use cookies, scripts, and\/or web beacons to track visitors to our site to display advertisements and other useful information. Such tracking is conducted directly by third parties through their own servers and is subject to their own privacy policies.<\/p><h3 data-start=\"1216\" data-end=\"1246\">Controlling Your Privacy<\/h3><p data-start=\"1248\" data-end=\"1730\">Please note that you can change your browser settings to disable cookies if you are concerned about your privacy. Disabling cookies for all sites is not recommended, as it may interfere with the functionality of some websites. The best option is to enable or disable cookies on a site-by-site basis. Refer to your browser&#8217;s documentation for instructions on how to block cookies and other tracking mechanisms. This list of web browser privacy management links may also be helpful.<\/p><h3 data-start=\"1732\" data-end=\"1772\">Special Note on Google Advertising<\/h3><p data-start=\"1774\" data-end=\"2182\">Any advertisements served by <strong data-start=\"1803\" data-end=\"1819\">Google, Inc.<\/strong> and affiliated companies may be controlled using cookies. These cookies allow Google to display ads based on your visits to this and other websites that use Google\u2019s advertising services. Learn how to opt out of Google\u2019s cookies. As mentioned above, any tracking conducted by Google through cookies and other mechanisms is subject to Google&#8217;s privacy policies.<\/p><h3 data-start=\"2184\" data-end=\"2209\">Contact Information<\/h3><p data-start=\"2211\" data-end=\"2356\">Any concerns or questions about this privacy policy can be directed to <strong data-start=\"2282\" data-end=\"2313\"><a rel=\"noopener\" data-start=\"2284\" data-end=\"2311\">info@escallonmorales.com.co<\/a><\/strong>, and they will be addressed accordingly.<\/p>\t\t\t\t\t\t\t\t<\/div>\n\t\t\t\t<\/div>\n\t\t\t\t<div class=\"elementor-element elementor-element-4aee3d4a elementor-align-center elementor-widget elementor-widget-button\" data-id=\"4aee3d4a\" data-element_type=\"widget\" data-widget_type=\"button.default\">\n\t\t\t\t<div class=\"elementor-widget-container\">\n\t\t\t\t\t\t\t\t\t<div class=\"elementor-button-wrapper\">\n\t\t\t\t\t<a class=\"elementor-button elementor-button-link elementor-size-sm\" href=\"https:\/\/escallonmorales.com.co\/en\/contact\/\">\n\t\t\t\t\t\t<span class=\"elementor-button-content-wrapper\">\n\t\t\t\t\t\t\t\t\t<span class=\"elementor-button-text\">Contact Us Today!<\/span>\n\t\t\t\t\t<\/span>\n\t\t\t\t\t<\/a>\n\t\t\t\t<\/div>\n\t\t\t\t\t\t\t\t<\/div>\n\t\t\t\t<\/div>\n\t\t\t\t<\/div>\n\t\t\t\t\t<\/div>\n\t\t\t\t<\/div>\n\t\t\t\t<\/div>\n\t\t","protected":false},"excerpt":{"rendered":"<p>Pol\u00edtica de Privacidad Inicio Pol\u00edtica de Privacidad y Tratamiento de Datos EM&amp;A ESCALL\u00d3N MORALES Y ASOCIADOS takes your privacy seriously. This privacy policy describes the personal information we collect and how we use it. Please review this privacy policy document for more information about privacy policies in general. Routine Information Collection All web servers track [&hellip;]<\/p>\n","protected":false},"author":1,"featured_media":0,"parent":0,"menu_order":0,"comment_status":"closed","ping_status":"closed","template":"elementor_header_footer","meta":{"footnotes":""},"class_list":["post-2771","page","type-page","status-publish","hentry"],"_links":{"self":[{"href":"https:\/\/escallonmorales.com.co\/en\/wp-json\/wp\/v2\/pages\/2771","targetHints":{"allow":["GET"]}}],"collection":[{"href":"https:\/\/escallonmorales.com.co\/en\/wp-json\/wp\/v2\/pages"}],"about":[{"href":"https:\/\/escallonmorales.com.co\/en\/wp-json\/wp\/v2\/types\/page"}],"author":[{"embeddable":true,"href":"https:\/\/escallonmorales.com.co\/en\/wp-json\/wp\/v2\/users\/1"}],"replies":[{"embeddable":true,"href":"https:\/\/escallonmorales.com.co\/en\/wp-json\/wp\/v2\/comments?post=2771"}],"version-history":[{"count":8,"href":"https:\/\/escallonmorales.com.co\/en\/wp-json\/wp\/v2\/pages\/2771\/revisions"}],"predecessor-version":[{"id":3199,"href":"https:\/\/escallonmorales.com.co\/en\/wp-json\/wp\/v2\/pages\/2771\/revisions\/3199"}],"wp:attachment":[{"href":"https:\/\/escallonmorales.com.co\/en\/wp-json\/wp\/v2\/media?parent=2771"}],"curies":[{"name":"wp","href":"https:\/\/api.w.org\/{rel}","templated":true}]}}